{"id":386,"date":"2023-05-24T09:02:43","date_gmt":"2023-05-24T09:02:43","guid":{"rendered":"https:\/\/vilamasram.cetrexmarketing.com\/home\/"},"modified":"2026-01-07T07:17:52","modified_gmt":"2026-01-07T07:17:52","slug":"home","status":"publish","type":"page","link":"https:\/\/vilamasram.com\/ca\/","title":{"rendered":"VilaMasRam"},"content":{"rendered":"<div class=\"wpb-content-wrapper\">[vc_row full_width=&#8221;stretch_row_content&#8221;][vc_column]\n\t\t\t\t<p class=\"rs-p-wp-fix\"><\/p>\n\t\t\t\t<sr7-module data-alias=\"vila-teia-11\" data-id=\"6\" id=\"SR7_6_1\" class=\"rs-ov-hidden\" data-version=\"6.7.37\">\n\t\t\t\t\t<sr7-adjuster><\/sr7-adjuster>\n\t\t\t\t\t<sr7-content>\n\t\t\t\t\t\t<sr7-slide id=\"SR7_6_1-18\" data-key=\"18\">\n\t\t\t\t\t\t\t<sr7-bg id=\"SR7_6_1-18-1\" class=\"sr7-layer\"><noscript><img src=\"https:\/\/vilamasram.com\/wp-content\/uploads\/2025\/07\/masram7.jpg\" alt=\"\" title=\"masram7\"><\/noscript><\/sr7-bg>\n\t\t\t\t\t\t<\/sr7-slide>\n\t\t\t\t\t\t<sr7-slide id=\"SR7_6_1-11\" data-key=\"11\">\n\t\t\t\t\t\t\t<sr7-bg id=\"SR7_6_1-11-1\" class=\"sr7-layer\"><noscript><img src=\"https:\/\/vilamasram.com\/wp-content\/uploads\/2025\/07\/masram-1.jpg\" alt=\"\" title=\"masram\"><\/noscript><\/sr7-bg>\n\t\t\t\t\t\t<\/sr7-slide>\n\t\t\t\t\t\t<sr7-slide id=\"SR7_6_1-17\" data-key=\"17\">\n\t\t\t\t\t\t\t<sr7-bg id=\"SR7_6_1-17-1\" class=\"sr7-layer\"><noscript><img src=\"https:\/\/vilamasram.com\/wp-content\/uploads\/2025\/07\/masram3-1.jpg\" alt=\"\" title=\"masram3\"><\/noscript><\/sr7-bg>\n\t\t\t\t\t\t<\/sr7-slide>\n\t\t\t\t\t\t<sr7-slide id=\"SR7_6_1-16\" data-key=\"16\">\n\t\t\t\t\t\t\t<sr7-bg id=\"SR7_6_1-16-1\" class=\"sr7-layer\"><noscript><img src=\"https:\/\/vilamasram.com\/wp-content\/uploads\/2025\/07\/masram2.jpg\" alt=\"\" title=\"masram2\"><\/noscript><\/sr7-bg>\n\t\t\t\t\t\t<\/sr7-slide>\n\t\t\t\t\t\t<sr7-slide id=\"SR7_6_1-12\" data-key=\"12\">\n\t\t\t\t\t\t<\/sr7-slide>\n\t\t\t\t\t<\/sr7-content>\n\t\t\t\t\t<image_lists style=\"display:none\">\n\t\t\t\t\t\t<img data-src=\"\/\/vilamasram.com\/wp-content\/uploads\/2025\/07\/masram-1.jpg\" data-libid=\"477\" data-lib=\"medialibrary\" title=\"masram\" width=\"0\" height=\"0\" data-dbsrc=\"Ly92aWxhbWFzcmFtLmNvbS93cC1jb250ZW50L3VwbG9hZHMvMjAyNS8wNy9tYXNyYW0tMS5qcGc=\"\/>\n\t\t\t\t\t\t<img data-src=\"\/\/vilamasram.com\/wp-content\/uploads\/2025\/07\/masram2.jpg\" data-libid=\"518\" data-lib=\"medialibrary\" title=\"masram2\" width=\"0\" height=\"0\" data-dbsrc=\"Ly92aWxhbWFzcmFtLmNvbS93cC1jb250ZW50L3VwbG9hZHMvMjAyNS8wNy9tYXNyYW0yLmpwZw==\"\/>\n\t\t\t\t\t\t<img data-src=\"\/\/vilamasram.com\/wp-content\/uploads\/2025\/07\/masram3-1.jpg\" data-libid=\"522\" data-lib=\"medialibrary\" title=\"masram3\" width=\"0\" height=\"0\" data-dbsrc=\"Ly92aWxhbWFzcmFtLmNvbS93cC1jb250ZW50L3VwbG9hZHMvMjAyNS8wNy9tYXNyYW0zLTEuanBn\"\/>\n\t\t\t\t\t\t<img data-src=\"\/\/vilamasram.com\/wp-content\/uploads\/2025\/07\/masram7.jpg\" data-libid=\"536\" data-lib=\"medialibrary\" title=\"masram7\" width=\"0\" height=\"0\" data-dbsrc=\"Ly92aWxhbWFzcmFtLmNvbS93cC1jb250ZW50L3VwbG9hZHMvMjAyNS8wNy9tYXNyYW03LmpwZw==\"\/>\n\t\t\t\t\t<\/image_lists>\n\t\t\t\t<\/sr7-module>\n\t\t\t\t<script>\n\t\t\t\t\tSR7.PMH ??={}; SR7.PMH[\"SR7_6_1\"] = {cn:100,state:false,fn: function() { if (_tpt!==undefined && _tpt.prepareModuleHeight !== undefined) {  _tpt.prepareModuleHeight({id:\"SR7_6_1\",el:[920,920,920,920,720],type:'standard',shdw:'0',gh:[920,920,920,920,720],gw:[2000,2000,2000,2000,480],vpt:['-100px&#039;,&#039;-100px&#039;,&#039;-100px&#039;,&#039;-100px&#039;,&#039;-100px'],size:{fullWidth:false, fullHeight:false},mh:'0',onh:0,onw:0,bg:{color:'{\"orig\":\"transparent\",\"type\":\"solid\",\"string\":\"transparent\"}'}});   SR7.PMH[\"SR7_6_1\"].state=true;} else if(SR7.PMH[\"SR7_6_1\"].cn-->0)\tsetTimeout( SR7.PMH[\"SR7_6_1\"].fn,19);}};SR7.PMH[\"SR7_6_1\" ].fn();\n\t\t\t\t<\/script>\n[\/vc_column][\/vc_row][vc_row full_width=&#8221;stretch_row_content&#8221;][vc_column][vc_column_text css=&#8221;.vc_custom_1759414371029{margin-top: -10px !important;padding-left: 1% !important;}&#8221; text_align=&#8221;left&#8221; color=&#8221;#242424&#8243; font_size=&#8221;30&#8243; font_family=&#8221;Poppins&#8221; line_height=&#8221;34px&#8221; font_weight=&#8221;800&#8243; letter_spacing=&#8221;-1px&#8221;]\n<h1>Tradici\u00f3n mediterr\u00e1nea en el coraz\u00f3n de Mas Ram<\/h1>\n[\/vc_column_text][vc_empty_space height=&#8221;20px&#8221;][vc_row_inner content_placement=&#8221;bottom&#8221;][vc_column_inner width=&#8221;6\/12&#8243;][vc_column_text css=&#8221;.vc_custom_1752990296481{padding-right: 5% !important;padding-left: 3% !important;}&#8221; text_align=&#8221;left&#8221; color=&#8221;#242424&#8243; font_size=&#8221;16&#8243; font_family=&#8221;Poppins&#8221; line_height=&#8221;normal&#8221; font_weight=&#8221;400&#8243;]En Vila MasRam te damos la bienvenida a un restaurante integrado en el entorno del<strong> Club Mas Ram Sports<\/strong>, donde la cocina italiana y mediterr\u00e1nea se une al ritmo del deporte y la vida social.[\/vc_column_text][\/vc_column_inner][vc_column_inner width=&#8221;3\/12&#8243; css=&#8221;.vc_custom_1750056759458{padding-right: 5% !important;padding-left: 5% !important;}&#8221;]<style>.vcex-button.vcex_69e9ee0b0807d{border-radius:var(--wpex-rounded-sm);background:#000000;color:#fefefe!important;font-size:16px;font-family:Poppins, sans-serif;}.vcex-button.vcex_69e9ee0b0807d:hover{background:#f92a2a!important;color:#ffffff!important;}<\/style><div class=\"vc_custom_1753013851870 wpex-clr\"><div class=\"theme-button-wrap textcenter theme-button-expanded-wrap wpex-clr\"><a href=\"https:\/\/vilamasram.com\/restaurante\/\" class=\"vcex-button theme-button align-center expanded expanded vcex_69e9ee0b0807d\"><span class=\"vcex-button-inner theme-button-inner wpex-flex wpex-flex-wrap wpex-items-center wpex-justify-center\">Nuestra carta<\/span><\/a><\/div><\/div> [\/vc_column_inner][vc_column_inner width=&#8221;3\/12&#8243;]<style>.vcex-button.vcex_69e9ee0b0a71d{border-radius:var(--wpex-rounded-sm);background:#f92a2a;color:#fefefe!important;font-size:16px;font-family:Poppins, sans-serif;}.vcex-button.vcex_69e9ee0b0a71d:hover{background:#000000!important;color:#ffffff!important;}<\/style><div class=\"vc_custom_1753013867650 wpex-clr\"><div class=\"theme-button-wrap textcenter theme-button-expanded-wrap wpex-clr\"><a href=\"https:\/\/vilamasram.com\/reservas\" class=\"vcex-button theme-button align-center expanded expanded vcex_69e9ee0b0a71d\"><span class=\"vcex-button-inner theme-button-inner wpex-flex wpex-flex-wrap wpex-items-center wpex-justify-center\">Reservas<\/span><\/a><\/div><\/div> [\/vc_column_inner][\/vc_row_inner][\/vc_column][\/vc_row][vc_row full_width=&#8221;stretch_row_content&#8221; content_placement=&#8221;top&#8221; equal_height=&#8221;yes&#8221; css=&#8221;.vc_custom_1752991485200{border-bottom-width: 1px !important;border-bottom-style: solid !important;border-color: #000000 !important;}&#8221;][vc_column width=&#8221;1\/2&#8243;][vc_single_image image=&#8221;526&#8243; css=&#8221;.vc_custom_1752992109055{margin-top: -60px !important;padding-top: 2% !important;padding-bottom: 2% !important;}&#8221;][\/vc_column][vc_column width=&#8221;1\/2&#8243;][vc_row_inner][vc_column_inner width=&#8221;1\/2&#8243;][vc_single_image image=&#8221;558&#8243; css=&#8221;.vc_custom_1752992057714{margin-top: -50px !important;padding-top: 2% !important;padding-bottom: 2% !important;}&#8221;][\/vc_column_inner][vc_column_inner width=&#8221;1\/2&#8243;][vc_single_image image=&#8221;566&#8243; css=&#8221;.vc_custom_1752992065955{margin-top: -50px !important;padding-top: 2% !important;padding-bottom: 2% !important;}&#8221;][\/vc_column_inner][\/vc_row_inner][vc_empty_space height=&#8221;20px&#8221;][vc_column_text css=&#8221;.vc_custom_1752992307658{margin-top: -20px !important;padding-left: 1% !important;}&#8221; text_align=&#8221;left&#8221; color=&#8221;#242424&#8243; font_size=&#8221;30&#8243; font_family=&#8221;Poppins&#8221; line_height=&#8221;34px&#8221; font_weight=&#8221;800&#8243; letter_spacing=&#8221;-1px&#8221;]Cocina con alma de club[\/vc_column_text][vc_empty_space height=&#8221;20px&#8221;][vc_column_text css=&#8221;.vc_custom_1756578116220{padding-right: 15% !important;padding-left: 1% !important;}&#8221; text_align=&#8221;left&#8221; color=&#8221;#242424&#8243; font_size=&#8221;16&#8243; font_family=&#8221;Poppins&#8221; line_height=&#8221;normal&#8221; font_weight=&#8221;400&#8243;]Te ofrecemos una propuesta gastron\u00f3mica pensada para disfrutar a cualquier hora del d\u00eda: desayunos con calma, men\u00fas diarios para recuperar energ\u00eda, platos para compartir con amigos y cenas para celebrar. Nuestro espacio, acogedor y familiar, est\u00e1 abierto tanto a socios como a visitantes.<\/p>\n<p><strong>Lunes a viernes<\/strong>: 08:30\u202f\u2013\u202f23:30h<br \/>\n<strong>S\u00e1bados:<\/strong> 08:30\u202f\u2013\u202f22:30h<br \/>\n<strong>Domingos y festivos:<\/strong> 09:00\u202f\u2013\u202f21:00h[\/vc_column_text][\/vc_column][\/vc_row]\n<\/div>","protected":false},"excerpt":{"rendered":"<p>[vc_row full_width=&#8221;stretch_row_content&#8221;][vc_column][\/vc_column][\/vc_row][vc_row full_width=&#8221;stretch_row_content&#8221;][vc_column][vc_column_text css=&#8221;.vc_custom_1759414371029{margin-top: -10px !important;padding-left: 1% !important;}&#8221; text_align=&#8221;left&#8221; color=&#8221;#242424&#8243; font_size=&#8221;30&#8243; font_family=&#8221;Poppins&#8221; line_height=&#8221;34px&#8221; font_weight=&#8221;800&#8243; letter_spacing=&#8221;-1px&#8221;] Tradici\u00f3n mediterr\u00e1nea en el coraz\u00f3n de Mas Ram [\/vc_column_text][vc_empty_space height=&#8221;20px&#8221;][vc_row_inner content_placement=&#8221;bottom&#8221;][vc_column_inner width=&#8221;6\/12&#8243;][vc_column_text css=&#8221;.vc_custom_1752990296481{padding-right: 5% !important;padding-left: 3% !important;}&#8221; text_align=&#8221;left&#8221; color=&#8221;#242424&#8243; font_size=&#8221;16&#8243; font_family=&#8221;Poppins&#8221; line_height=&#8221;normal&#8221; font_weight=&#8221;400&#8243;]En Vila MasRam te damos la bienvenida a un restaurante integrado en el entorno del Club Mas Ram&hellip;<\/p>\n","protected":false},"author":1,"featured_media":464,"parent":0,"menu_order":0,"comment_status":"closed","ping_status":"closed","template":"","meta":{"iawp_total_views":2,"footnotes":""},"class_list":["post-386","page","type-page","status-publish","has-post-thumbnail","hentry","entry","has-media"],"yoast_head":"<!-- This site is optimized with the Yoast SEO plugin v25.8 - https:\/\/yoast.com\/wordpress\/plugins\/seo\/ -->\n<title>VilaMasRam \u00b7 GruppoTayano<\/title>\n<meta name=\"description\" content=\"Bienvenidos a VilaMasRam. En VilaMasRam te damos la bienvenida a un restaurante integrado en el entorno del Club Mas Ram Sports\" \/>\n<meta name=\"robots\" content=\"index, follow, max-snippet:-1, max-image-preview:large, max-video-preview:-1\" \/>\n<link rel=\"canonical\" href=\"https:\/\/vilamasram.com\/ca\/\" \/>\n<meta property=\"og:locale\" content=\"ca_ES\" \/>\n<meta property=\"og:type\" content=\"article\" \/>\n<meta property=\"og:title\" content=\"VilaMasRam \u00b7 GruppoTayano\" \/>\n<meta property=\"og:description\" content=\"Bienvenidos a VilaMasRam. En VilaMasRam te damos la bienvenida a un restaurante integrado en el entorno del Club Mas Ram Sports\" \/>\n<meta property=\"og:url\" content=\"https:\/\/vilamasram.com\/ca\/\" \/>\n<meta property=\"og:site_name\" content=\"VilaMasRam \u00b7 GruppoTayano\" \/>\n<meta property=\"article:modified_time\" content=\"2026-01-07T07:17:52+00:00\" \/>\n<meta property=\"og:image\" content=\"https:\/\/vilamasram.com\/wp-content\/uploads\/2025\/07\/icon.png\" \/>\n\t<meta property=\"og:image:width\" content=\"573\" \/>\n\t<meta property=\"og:image:height\" content=\"573\" \/>\n\t<meta property=\"og:image:type\" content=\"image\/png\" \/>\n<meta name=\"twitter:card\" content=\"summary_large_image\" \/>\n<meta name=\"twitter:label1\" content=\"Temps estimat de lectura\" \/>\n\t<meta name=\"twitter:data1\" content=\"2 minuts\" \/>\n<script type=\"application\/ld+json\" class=\"yoast-schema-graph\">{\"@context\":\"https:\/\/schema.org\",\"@graph\":[{\"@type\":\"WebPage\",\"@id\":\"https:\/\/vilamasram.com\/ca\/\",\"url\":\"https:\/\/vilamasram.com\/ca\/\",\"name\":\"VilaMasRam \u00b7 GruppoTayano\",\"isPartOf\":{\"@id\":\"https:\/\/vilamasram.com\/#website\"},\"primaryImageOfPage\":{\"@id\":\"https:\/\/vilamasram.com\/ca\/#primaryimage\"},\"image\":{\"@id\":\"https:\/\/vilamasram.com\/ca\/#primaryimage\"},\"thumbnailUrl\":\"https:\/\/vilamasram.com\/wp-content\/uploads\/2025\/07\/icon.png\",\"datePublished\":\"2023-05-24T09:02:43+00:00\",\"dateModified\":\"2026-01-07T07:17:52+00:00\",\"description\":\"Bienvenidos a VilaMasRam. En VilaMasRam te damos la bienvenida a un restaurante integrado en el entorno del Club Mas Ram Sports\",\"breadcrumb\":{\"@id\":\"https:\/\/vilamasram.com\/ca\/#breadcrumb\"},\"inLanguage\":\"ca\",\"potentialAction\":[{\"@type\":\"ReadAction\",\"target\":[\"https:\/\/vilamasram.com\/ca\/\"]}]},{\"@type\":\"ImageObject\",\"inLanguage\":\"ca\",\"@id\":\"https:\/\/vilamasram.com\/ca\/#primaryimage\",\"url\":\"https:\/\/vilamasram.com\/wp-content\/uploads\/2025\/07\/icon.png\",\"contentUrl\":\"https:\/\/vilamasram.com\/wp-content\/uploads\/2025\/07\/icon.png\",\"width\":573,\"height\":573,\"caption\":\"VilaMasram\"},{\"@type\":\"BreadcrumbList\",\"@id\":\"https:\/\/vilamasram.com\/ca\/#breadcrumb\",\"itemListElement\":[{\"@type\":\"ListItem\",\"position\":1,\"name\":\"Home\",\"item\":\"https:\/\/vilamasram.com\/ca\/\"},{\"@type\":\"ListItem\",\"position\":2,\"name\":\"VilaMasRam\"}]},{\"@type\":\"WebSite\",\"@id\":\"https:\/\/vilamasram.com\/#website\",\"url\":\"https:\/\/vilamasram.com\/\",\"name\":\"VilaMasRam \u00b7 GruppoTayano\",\"description\":\"Cetrex new project\",\"publisher\":{\"@id\":\"https:\/\/vilamasram.com\/#organization\"},\"potentialAction\":[{\"@type\":\"SearchAction\",\"target\":{\"@type\":\"EntryPoint\",\"urlTemplate\":\"https:\/\/vilamasram.com\/?s={search_term_string}\"},\"query-input\":{\"@type\":\"PropertyValueSpecification\",\"valueRequired\":true,\"valueName\":\"search_term_string\"}}],\"inLanguage\":\"ca\"},{\"@type\":\"Organization\",\"@id\":\"https:\/\/vilamasram.com\/#organization\",\"name\":\"VilaMasRam \u00b7 GruppoTayano\",\"url\":\"https:\/\/vilamasram.com\/\",\"logo\":{\"@type\":\"ImageObject\",\"inLanguage\":\"ca\",\"@id\":\"https:\/\/vilamasram.com\/#\/schema\/logo\/image\/\",\"url\":\"https:\/\/vilamasram.com\/wp-content\/uploads\/2025\/09\/vilamasram.png\",\"contentUrl\":\"https:\/\/vilamasram.com\/wp-content\/uploads\/2025\/09\/vilamasram.png\",\"width\":1355,\"height\":310,\"caption\":\"VilaMasRam \u00b7 GruppoTayano\"},\"image\":{\"@id\":\"https:\/\/vilamasram.com\/#\/schema\/logo\/image\/\"}}]}<\/script>\n<!-- \/ Yoast SEO plugin. -->","yoast_head_json":{"title":"VilaMasRam \u00b7 GruppoTayano","description":"Bienvenidos a VilaMasRam. En VilaMasRam te damos la bienvenida a un restaurante integrado en el entorno del Club Mas Ram Sports","robots":{"index":"index","follow":"follow","max-snippet":"max-snippet:-1","max-image-preview":"max-image-preview:large","max-video-preview":"max-video-preview:-1"},"canonical":"https:\/\/vilamasram.com\/ca\/","og_locale":"ca_ES","og_type":"article","og_title":"VilaMasRam \u00b7 GruppoTayano","og_description":"Bienvenidos a VilaMasRam. En VilaMasRam te damos la bienvenida a un restaurante integrado en el entorno del Club Mas Ram Sports","og_url":"https:\/\/vilamasram.com\/ca\/","og_site_name":"VilaMasRam \u00b7 GruppoTayano","article_modified_time":"2026-01-07T07:17:52+00:00","og_image":[{"width":573,"height":573,"url":"https:\/\/vilamasram.com\/wp-content\/uploads\/2025\/07\/icon.png","type":"image\/png"}],"twitter_card":"summary_large_image","twitter_misc":{"Temps estimat de lectura":"2 minuts"},"schema":{"@context":"https:\/\/schema.org","@graph":[{"@type":"WebPage","@id":"https:\/\/vilamasram.com\/ca\/","url":"https:\/\/vilamasram.com\/ca\/","name":"VilaMasRam \u00b7 GruppoTayano","isPartOf":{"@id":"https:\/\/vilamasram.com\/#website"},"primaryImageOfPage":{"@id":"https:\/\/vilamasram.com\/ca\/#primaryimage"},"image":{"@id":"https:\/\/vilamasram.com\/ca\/#primaryimage"},"thumbnailUrl":"https:\/\/vilamasram.com\/wp-content\/uploads\/2025\/07\/icon.png","datePublished":"2023-05-24T09:02:43+00:00","dateModified":"2026-01-07T07:17:52+00:00","description":"Bienvenidos a VilaMasRam. En VilaMasRam te damos la bienvenida a un restaurante integrado en el entorno del Club Mas Ram Sports","breadcrumb":{"@id":"https:\/\/vilamasram.com\/ca\/#breadcrumb"},"inLanguage":"ca","potentialAction":[{"@type":"ReadAction","target":["https:\/\/vilamasram.com\/ca\/"]}]},{"@type":"ImageObject","inLanguage":"ca","@id":"https:\/\/vilamasram.com\/ca\/#primaryimage","url":"https:\/\/vilamasram.com\/wp-content\/uploads\/2025\/07\/icon.png","contentUrl":"https:\/\/vilamasram.com\/wp-content\/uploads\/2025\/07\/icon.png","width":573,"height":573,"caption":"VilaMasram"},{"@type":"BreadcrumbList","@id":"https:\/\/vilamasram.com\/ca\/#breadcrumb","itemListElement":[{"@type":"ListItem","position":1,"name":"Home","item":"https:\/\/vilamasram.com\/ca\/"},{"@type":"ListItem","position":2,"name":"VilaMasRam"}]},{"@type":"WebSite","@id":"https:\/\/vilamasram.com\/#website","url":"https:\/\/vilamasram.com\/","name":"VilaMasRam \u00b7 GruppoTayano","description":"Cetrex new project","publisher":{"@id":"https:\/\/vilamasram.com\/#organization"},"potentialAction":[{"@type":"SearchAction","target":{"@type":"EntryPoint","urlTemplate":"https:\/\/vilamasram.com\/?s={search_term_string}"},"query-input":{"@type":"PropertyValueSpecification","valueRequired":true,"valueName":"search_term_string"}}],"inLanguage":"ca"},{"@type":"Organization","@id":"https:\/\/vilamasram.com\/#organization","name":"VilaMasRam \u00b7 GruppoTayano","url":"https:\/\/vilamasram.com\/","logo":{"@type":"ImageObject","inLanguage":"ca","@id":"https:\/\/vilamasram.com\/#\/schema\/logo\/image\/","url":"https:\/\/vilamasram.com\/wp-content\/uploads\/2025\/09\/vilamasram.png","contentUrl":"https:\/\/vilamasram.com\/wp-content\/uploads\/2025\/09\/vilamasram.png","width":1355,"height":310,"caption":"VilaMasRam \u00b7 GruppoTayano"},"image":{"@id":"https:\/\/vilamasram.com\/#\/schema\/logo\/image\/"}}]}},"_links":{"self":[{"href":"https:\/\/vilamasram.com\/ca\/wp-json\/wp\/v2\/pages\/386","targetHints":{"allow":["GET"]}}],"collection":[{"href":"https:\/\/vilamasram.com\/ca\/wp-json\/wp\/v2\/pages"}],"about":[{"href":"https:\/\/vilamasram.com\/ca\/wp-json\/wp\/v2\/types\/page"}],"author":[{"embeddable":true,"href":"https:\/\/vilamasram.com\/ca\/wp-json\/wp\/v2\/users\/1"}],"replies":[{"embeddable":true,"href":"https:\/\/vilamasram.com\/ca\/wp-json\/wp\/v2\/comments?post=386"}],"version-history":[{"count":56,"href":"https:\/\/vilamasram.com\/ca\/wp-json\/wp\/v2\/pages\/386\/revisions"}],"predecessor-version":[{"id":813,"href":"https:\/\/vilamasram.com\/ca\/wp-json\/wp\/v2\/pages\/386\/revisions\/813"}],"wp:featuredmedia":[{"embeddable":true,"href":"https:\/\/vilamasram.com\/ca\/wp-json\/wp\/v2\/media\/464"}],"wp:attachment":[{"href":"https:\/\/vilamasram.com\/ca\/wp-json\/wp\/v2\/media?parent=386"}],"curies":[{"name":"wp","href":"https:\/\/api.w.org\/{rel}","templated":true}]}}